{"id":19,"date":"2025-06-12T09:30:22","date_gmt":"2025-06-12T09:30:22","guid":{"rendered":"https:\/\/groupe-hdec.com\/?page_id=19"},"modified":"2025-07-02T13:05:29","modified_gmt":"2025-07-02T13:05:29","slug":"historique-et-valeurs","status":"publish","type":"page","link":"https:\/\/groupe-hdec.com\/?page_id=19","title":{"rendered":"Historique et valeurs"},"content":{"rendered":"\t\t<div data-elementor-type=\"wp-page\" data-elementor-id=\"19\" class=\"elementor elementor-19\" data-elementor-post-type=\"page\">\n\t\t\t\t<div class=\"elementor-element elementor-element-c05e6ad e-flex e-con-boxed e-con e-parent\" data-id=\"c05e6ad\" data-element_type=\"container\" data-settings=\"{&quot;background_background&quot;:&quot;classic&quot;}\">\n\t\t\t\t\t<div class=\"e-con-inner\">\n\t\t<div class=\"elementor-element elementor-element-166c20a e-con-full e-flex e-con e-child\" data-id=\"166c20a\" data-element_type=\"container\">\n\t\t\t\t<div class=\"elementor-element elementor-element-95e6901 elementor-widget elementor-widget-heading\" data-id=\"95e6901\" data-element_type=\"widget\" data-widget_type=\"heading.default\">\n\t\t\t\t<div class=\"elementor-widget-container\">\n\t\t\t\t\t<h1 class=\"elementor-heading-title elementor-size-default\">Lorem ipsum dolor sit amet, \nconsectetur adipiscing <\/h1>\t\t\t\t<\/div>\n\t\t\t\t<\/div>\n\t\t\t\t<div class=\"elementor-element elementor-element-7f8ceb4 elementor-widget elementor-widget-text-editor\" data-id=\"7f8ceb4\" data-element_type=\"widget\" data-widget_type=\"text-editor.default\">\n\t\t\t\t<div class=\"elementor-widget-container\">\n\t\t\t\t\t\t\t\t\t<p>Lorem ipsum dolor sit amet, consectetur adipiscing elit. Morbi sit amet gravida nisi. Quisque accumsan mauris quis leo scelerisque fringilla. Nulla sit amet consequat neque. Sed consectetur ornare neque blandit condimentum.<\/p>\t\t\t\t\t\t\t\t<\/div>\n\t\t\t\t<\/div>\n\t\t\t\t<div class=\"elementor-element elementor-element-adac69b elementor-widget elementor-widget-button\" data-id=\"adac69b\" data-element_type=\"widget\" data-widget_type=\"button.default\">\n\t\t\t\t<div class=\"elementor-widget-container\">\n\t\t\t\t\t\t\t\t\t<div class=\"elementor-button-wrapper\">\n\t\t\t\t\t<a class=\"elementor-button elementor-button-link elementor-size-sm\" href=\"https:\/\/groupe-hdec.com\/?page_id=67\">\n\t\t\t\t\t\t<span class=\"elementor-button-content-wrapper\">\n\t\t\t\t\t\t\t\t\t<span class=\"elementor-button-text\">Nous contacter<\/span>\n\t\t\t\t\t<\/span>\n\t\t\t\t\t<\/a>\n\t\t\t\t<\/div>\n\t\t\t\t\t\t\t\t<\/div>\n\t\t\t\t<\/div>\n\t\t\t\t<\/div>\n\t\t\t\t\t<\/div>\n\t\t\t\t<\/div>\n\t\t<div class=\"elementor-element elementor-element-451e5af e-flex e-con-boxed e-con e-parent\" data-id=\"451e5af\" data-element_type=\"container\">\n\t\t\t\t\t<div class=\"e-con-inner\">\n\t\t<div class=\"elementor-element elementor-element-536bdda e-con-full e-flex e-con e-child\" data-id=\"536bdda\" data-element_type=\"container\">\n\t\t\t\t<div class=\"elementor-element elementor-element-f65dc9c elementor-widget elementor-widget-heading\" data-id=\"f65dc9c\" data-element_type=\"widget\" data-widget_type=\"heading.default\">\n\t\t\t\t<div class=\"elementor-widget-container\">\n\t\t\t\t\t<h2 class=\"elementor-heading-title elementor-size-default\">Lorem ipsum dolor sit amet, \nconsectetur adipiscing <\/h2>\t\t\t\t<\/div>\n\t\t\t\t<\/div>\n\t\t\t\t<\/div>\n\t\t<div class=\"elementor-element elementor-element-e337db5 e-con-full e-flex e-con e-child\" data-id=\"e337db5\" data-element_type=\"container\">\n\t\t\t\t<div class=\"elementor-element elementor-element-8587e39 elementor-widget elementor-widget-text-editor\" data-id=\"8587e39\" data-element_type=\"widget\" data-widget_type=\"text-editor.default\">\n\t\t\t\t<div class=\"elementor-widget-container\">\n\t\t\t\t\t\t\t\t\t<p>Lorem ipsum dolor sit amet, consectetur adipiscing elit. Donec posuere purus quis ex mollis placerat. Mauris bibendum vulputate bibendum. Ut eget erat metus. Morbi turpis nunc, malesuada iaculis pharetra vel, feugiat sed tortor. Fusce id purus pulvinar, pellentesque dolor et, vestibulum nulla. Aliquam cursus orci vel blandit fringilla. Integer vitae nisi eros. Phasellus dignissim eros sit amet sem blandit vulputate. Mauris fermentum molestie nibh, consectetur ultrices dui. Fusce mollis augue a tortor ornare blandit. In luctus porta dolor, in lacinia lacus suscipit non.<br \/>Proin egestas convallis urna commodo malesuada.<\/p>\t\t\t\t\t\t\t\t<\/div>\n\t\t\t\t<\/div>\n\t\t<div class=\"elementor-element elementor-element-453c8c6 e-con-full e-flex e-con e-child\" data-id=\"453c8c6\" data-element_type=\"container\">\n\t\t<div class=\"elementor-element elementor-element-de74831 e-con-full e-flex e-con e-child\" data-id=\"de74831\" data-element_type=\"container\">\n\t\t\t\t<div class=\"elementor-element elementor-element-029ea2b elementor-widget elementor-widget-image\" data-id=\"029ea2b\" data-element_type=\"widget\" data-widget_type=\"image.default\">\n\t\t\t\t<div class=\"elementor-widget-container\">\n\t\t\t\t\t\t\t\t\t\t\t\t\t\t\t<img fetchpriority=\"high\" decoding=\"async\" width=\"1536\" height=\"1024\" src=\"https:\/\/groupe-hdec.com\/wp-content\/uploads\/2025\/06\/ChatGPT-Image-12-juin-2025-11_28_14.png\" class=\"attachment-full size-full wp-image-43\" alt=\"\" srcset=\"https:\/\/groupe-hdec.com\/wp-content\/uploads\/2025\/06\/ChatGPT-Image-12-juin-2025-11_28_14.png 1536w, https:\/\/groupe-hdec.com\/wp-content\/uploads\/2025\/06\/ChatGPT-Image-12-juin-2025-11_28_14-300x200.png 300w, https:\/\/groupe-hdec.com\/wp-content\/uploads\/2025\/06\/ChatGPT-Image-12-juin-2025-11_28_14-1024x683.png 1024w, https:\/\/groupe-hdec.com\/wp-content\/uploads\/2025\/06\/ChatGPT-Image-12-juin-2025-11_28_14-768x512.png 768w\" sizes=\"(max-width: 1536px) 100vw, 1536px\" \/>\t\t\t\t\t\t\t\t\t\t\t\t\t\t\t<\/div>\n\t\t\t\t<\/div>\n\t\t\t\t<\/div>\n\t\t<div class=\"elementor-element elementor-element-39e7971 e-con-full e-flex e-con e-child\" data-id=\"39e7971\" data-element_type=\"container\">\n\t\t\t\t<div class=\"elementor-element elementor-element-fbf8585 elementor-widget elementor-widget-heading\" data-id=\"fbf8585\" data-element_type=\"widget\" data-widget_type=\"heading.default\">\n\t\t\t\t<div class=\"elementor-widget-container\">\n\t\t\t\t\t<h2 class=\"elementor-heading-title elementor-size-default\">Lorem ipsum dolor sit amet<\/h2>\t\t\t\t<\/div>\n\t\t\t\t<\/div>\n\t\t\t\t<div class=\"elementor-element elementor-element-8af18c5 elementor-widget elementor-widget-text-editor\" data-id=\"8af18c5\" data-element_type=\"widget\" data-widget_type=\"text-editor.default\">\n\t\t\t\t<div class=\"elementor-widget-container\">\n\t\t\t\t\t\t\t\t\t<p>Lorem ipsum dolor sit amet, consectetur adipiscing elit. Donec posuere purus quis ex mollis placerat. Mauris bibendum vulputate bibendum. Ut eget erat metus. Morbi turpis nunc, malesuada iaculis pharetra vel, feugiat sed tortor. <br \/><br \/>Fusce id purus pulvinar, pellentesque dolor et, vestibulum nulla. Aliquam cursus orci vel blandit fringilla. Integer vitae nisi eros. Phasellus dignissim eros sit amet sem blandit vulputate. <br \/><br \/>Mauris fermentum molestie nibh, consectetur ultrices dui. Fusce mollis augue a tortor ornare blandit. In luctus porta dolor.<\/p>\t\t\t\t\t\t\t\t<\/div>\n\t\t\t\t<\/div>\n\t\t\t\t<\/div>\n\t\t\t\t<\/div>\n\t\t\t\t<\/div>\n\t\t\t\t\t<\/div>\n\t\t\t\t<\/div>\n\t\t<div class=\"elementor-element elementor-element-cef0ae4 e-flex e-con-boxed e-con e-parent\" data-id=\"cef0ae4\" data-element_type=\"container\">\n\t\t\t\t\t<div class=\"e-con-inner\">\n\t\t<div class=\"elementor-element elementor-element-564f784 e-con-full e-flex e-con e-child\" data-id=\"564f784\" data-element_type=\"container\">\n\t\t\t\t<div class=\"elementor-element elementor-element-98ee24e elementor-widget elementor-widget-heading\" data-id=\"98ee24e\" data-element_type=\"widget\" data-widget_type=\"heading.default\">\n\t\t\t\t<div class=\"elementor-widget-container\">\n\t\t\t\t\t<h2 class=\"elementor-heading-title elementor-size-default\">Nos labels<\/h2>\t\t\t\t<\/div>\n\t\t\t\t<\/div>\n\t\t\t\t<\/div>\n\t\t\t\t\t<\/div>\n\t\t\t\t<\/div>\n\t\t<div class=\"elementor-element elementor-element-5dc5cf2 e-flex e-con-boxed e-con e-parent\" data-id=\"5dc5cf2\" data-element_type=\"container\">\n\t\t\t\t\t<div class=\"e-con-inner\">\n\t\t<div class=\"elementor-element elementor-element-b0aa06e e-con-full e-flex e-con e-child\" data-id=\"b0aa06e\" data-element_type=\"container\">\n\t\t<div class=\"elementor-element elementor-element-60b46cc e-con-full e-flex e-con e-child\" data-id=\"60b46cc\" data-element_type=\"container\" data-settings=\"{&quot;background_background&quot;:&quot;classic&quot;}\">\n\t\t\t\t<div class=\"elementor-element elementor-element-2a080ba elementor-widget elementor-widget-image\" data-id=\"2a080ba\" data-element_type=\"widget\" data-widget_type=\"image.default\">\n\t\t\t\t<div class=\"elementor-widget-container\">\n\t\t\t\t\t\t\t\t\t\t\t\t\t\t\t<img decoding=\"async\" width=\"800\" height=\"800\" src=\"https:\/\/groupe-hdec.com\/wp-content\/uploads\/2025\/06\/noun-trophy-801083-50403C-1024x1024.png\" class=\"attachment-large size-large wp-image-41\" alt=\"\" srcset=\"https:\/\/groupe-hdec.com\/wp-content\/uploads\/2025\/06\/noun-trophy-801083-50403C-1024x1024.png 1024w, https:\/\/groupe-hdec.com\/wp-content\/uploads\/2025\/06\/noun-trophy-801083-50403C-300x300.png 300w, https:\/\/groupe-hdec.com\/wp-content\/uploads\/2025\/06\/noun-trophy-801083-50403C-150x150.png 150w, https:\/\/groupe-hdec.com\/wp-content\/uploads\/2025\/06\/noun-trophy-801083-50403C-768x768.png 768w, https:\/\/groupe-hdec.com\/wp-content\/uploads\/2025\/06\/noun-trophy-801083-50403C.png 1200w\" sizes=\"(max-width: 800px) 100vw, 800px\" \/>\t\t\t\t\t\t\t\t\t\t\t\t\t\t\t<\/div>\n\t\t\t\t<\/div>\n\t\t\t\t<\/div>\n\t\t\t\t<div class=\"elementor-element elementor-element-dbfcc3c elementor-widget elementor-widget-text-editor\" data-id=\"dbfcc3c\" data-element_type=\"widget\" data-widget_type=\"text-editor.default\">\n\t\t\t\t<div class=\"elementor-widget-container\">\n\t\t\t\t\t\t\t\t\t<p>Lorem ipsum<\/p>\t\t\t\t\t\t\t\t<\/div>\n\t\t\t\t<\/div>\n\t\t\t\t<\/div>\n\t\t<div class=\"elementor-element elementor-element-44c9d15 e-con-full e-flex e-con e-child\" data-id=\"44c9d15\" data-element_type=\"container\">\n\t\t<div class=\"elementor-element elementor-element-eed7572 e-con-full e-flex e-con e-child\" data-id=\"eed7572\" data-element_type=\"container\" data-settings=\"{&quot;background_background&quot;:&quot;classic&quot;}\">\n\t\t\t\t<div class=\"elementor-element elementor-element-3b06d8a elementor-widget elementor-widget-image\" data-id=\"3b06d8a\" data-element_type=\"widget\" data-widget_type=\"image.default\">\n\t\t\t\t<div class=\"elementor-widget-container\">\n\t\t\t\t\t\t\t\t\t\t\t\t\t\t\t<img decoding=\"async\" width=\"800\" height=\"800\" src=\"https:\/\/groupe-hdec.com\/wp-content\/uploads\/2025\/06\/noun-trophy-801083-50403C-1024x1024.png\" class=\"attachment-large size-large wp-image-41\" alt=\"\" srcset=\"https:\/\/groupe-hdec.com\/wp-content\/uploads\/2025\/06\/noun-trophy-801083-50403C-1024x1024.png 1024w, https:\/\/groupe-hdec.com\/wp-content\/uploads\/2025\/06\/noun-trophy-801083-50403C-300x300.png 300w, https:\/\/groupe-hdec.com\/wp-content\/uploads\/2025\/06\/noun-trophy-801083-50403C-150x150.png 150w, https:\/\/groupe-hdec.com\/wp-content\/uploads\/2025\/06\/noun-trophy-801083-50403C-768x768.png 768w, https:\/\/groupe-hdec.com\/wp-content\/uploads\/2025\/06\/noun-trophy-801083-50403C.png 1200w\" sizes=\"(max-width: 800px) 100vw, 800px\" \/>\t\t\t\t\t\t\t\t\t\t\t\t\t\t\t<\/div>\n\t\t\t\t<\/div>\n\t\t\t\t<\/div>\n\t\t\t\t<div class=\"elementor-element elementor-element-f9ca83a elementor-widget elementor-widget-text-editor\" data-id=\"f9ca83a\" data-element_type=\"widget\" data-widget_type=\"text-editor.default\">\n\t\t\t\t<div class=\"elementor-widget-container\">\n\t\t\t\t\t\t\t\t\t<p>Lorem ipsum<\/p>\t\t\t\t\t\t\t\t<\/div>\n\t\t\t\t<\/div>\n\t\t\t\t<\/div>\n\t\t<div class=\"elementor-element elementor-element-ef0f103 e-con-full e-flex e-con e-child\" data-id=\"ef0f103\" data-element_type=\"container\">\n\t\t<div class=\"elementor-element elementor-element-97c2d3a e-con-full e-flex e-con e-child\" data-id=\"97c2d3a\" data-element_type=\"container\" data-settings=\"{&quot;background_background&quot;:&quot;classic&quot;}\">\n\t\t\t\t<div class=\"elementor-element elementor-element-b246d4b elementor-widget elementor-widget-image\" data-id=\"b246d4b\" data-element_type=\"widget\" data-widget_type=\"image.default\">\n\t\t\t\t<div class=\"elementor-widget-container\">\n\t\t\t\t\t\t\t\t\t\t\t\t\t\t\t<img decoding=\"async\" width=\"800\" height=\"800\" src=\"https:\/\/groupe-hdec.com\/wp-content\/uploads\/2025\/06\/noun-trophy-801083-50403C-1024x1024.png\" class=\"attachment-large size-large wp-image-41\" alt=\"\" srcset=\"https:\/\/groupe-hdec.com\/wp-content\/uploads\/2025\/06\/noun-trophy-801083-50403C-1024x1024.png 1024w, https:\/\/groupe-hdec.com\/wp-content\/uploads\/2025\/06\/noun-trophy-801083-50403C-300x300.png 300w, https:\/\/groupe-hdec.com\/wp-content\/uploads\/2025\/06\/noun-trophy-801083-50403C-150x150.png 150w, https:\/\/groupe-hdec.com\/wp-content\/uploads\/2025\/06\/noun-trophy-801083-50403C-768x768.png 768w, https:\/\/groupe-hdec.com\/wp-content\/uploads\/2025\/06\/noun-trophy-801083-50403C.png 1200w\" sizes=\"(max-width: 800px) 100vw, 800px\" \/>\t\t\t\t\t\t\t\t\t\t\t\t\t\t\t<\/div>\n\t\t\t\t<\/div>\n\t\t\t\t<\/div>\n\t\t\t\t<div class=\"elementor-element elementor-element-31e8b08 elementor-widget elementor-widget-text-editor\" data-id=\"31e8b08\" data-element_type=\"widget\" data-widget_type=\"text-editor.default\">\n\t\t\t\t<div class=\"elementor-widget-container\">\n\t\t\t\t\t\t\t\t\t<p>Lorem ipsum<\/p>\t\t\t\t\t\t\t\t<\/div>\n\t\t\t\t<\/div>\n\t\t\t\t<\/div>\n\t\t<div class=\"elementor-element elementor-element-80220a5 e-con-full e-flex e-con e-child\" data-id=\"80220a5\" data-element_type=\"container\">\n\t\t<div class=\"elementor-element elementor-element-e5cc3b8 e-con-full e-flex e-con e-child\" data-id=\"e5cc3b8\" data-element_type=\"container\" data-settings=\"{&quot;background_background&quot;:&quot;classic&quot;}\">\n\t\t\t\t<div class=\"elementor-element elementor-element-ecf3f15 elementor-widget elementor-widget-image\" data-id=\"ecf3f15\" data-element_type=\"widget\" data-widget_type=\"image.default\">\n\t\t\t\t<div class=\"elementor-widget-container\">\n\t\t\t\t\t\t\t\t\t\t\t\t\t\t\t<img decoding=\"async\" width=\"800\" height=\"800\" src=\"https:\/\/groupe-hdec.com\/wp-content\/uploads\/2025\/06\/noun-trophy-801083-50403C-1024x1024.png\" class=\"attachment-large size-large wp-image-41\" alt=\"\" srcset=\"https:\/\/groupe-hdec.com\/wp-content\/uploads\/2025\/06\/noun-trophy-801083-50403C-1024x1024.png 1024w, https:\/\/groupe-hdec.com\/wp-content\/uploads\/2025\/06\/noun-trophy-801083-50403C-300x300.png 300w, https:\/\/groupe-hdec.com\/wp-content\/uploads\/2025\/06\/noun-trophy-801083-50403C-150x150.png 150w, https:\/\/groupe-hdec.com\/wp-content\/uploads\/2025\/06\/noun-trophy-801083-50403C-768x768.png 768w, https:\/\/groupe-hdec.com\/wp-content\/uploads\/2025\/06\/noun-trophy-801083-50403C.png 1200w\" sizes=\"(max-width: 800px) 100vw, 800px\" \/>\t\t\t\t\t\t\t\t\t\t\t\t\t\t\t<\/div>\n\t\t\t\t<\/div>\n\t\t\t\t<\/div>\n\t\t\t\t<div class=\"elementor-element elementor-element-2118adf elementor-widget elementor-widget-text-editor\" data-id=\"2118adf\" data-element_type=\"widget\" data-widget_type=\"text-editor.default\">\n\t\t\t\t<div class=\"elementor-widget-container\">\n\t\t\t\t\t\t\t\t\t<p>Lorem ipsum<\/p>\t\t\t\t\t\t\t\t<\/div>\n\t\t\t\t<\/div>\n\t\t\t\t<\/div>\n\t\t\t\t\t<\/div>\n\t\t\t\t<\/div>\n\t\t<div class=\"elementor-element elementor-element-5829e49 e-flex e-con-boxed e-con e-parent\" data-id=\"5829e49\" data-element_type=\"container\" data-settings=\"{&quot;background_background&quot;:&quot;classic&quot;}\">\n\t\t\t\t\t<div class=\"e-con-inner\">\n\t\t<div class=\"elementor-element elementor-element-af061ca e-con-full e-flex e-con e-child\" data-id=\"af061ca\" data-element_type=\"container\">\n\t\t<div class=\"elementor-element elementor-element-cc41f98 e-con-full e-flex e-con e-child\" data-id=\"cc41f98\" data-element_type=\"container\">\n\t\t<div class=\"elementor-element elementor-element-62a79e0 e-con-full e-flex e-con e-child\" data-id=\"62a79e0\" data-element_type=\"container\">\n\t\t\t\t<div class=\"elementor-element elementor-element-a68c4a1 elementor-widget elementor-widget-image\" data-id=\"a68c4a1\" data-element_type=\"widget\" data-widget_type=\"image.default\">\n\t\t\t\t<div class=\"elementor-widget-container\">\n\t\t\t\t\t\t\t\t\t\t\t\t\t\t\t<img decoding=\"async\" width=\"585\" height=\"1024\" src=\"https:\/\/groupe-hdec.com\/wp-content\/uploads\/2025\/06\/DALL\u00b7E-2025-06-12-10.24.14-A-realistic-photograph-of-a-modern-bed-in-a-cozy-hotel-room.-The-bed-has-a-sleek-minimalist-design-with-a-plush-upholstered-headboard-crisp-white-li-585x1024.webp\" class=\"attachment-large size-large wp-image-29\" alt=\"\" srcset=\"https:\/\/groupe-hdec.com\/wp-content\/uploads\/2025\/06\/DALL\u00b7E-2025-06-12-10.24.14-A-realistic-photograph-of-a-modern-bed-in-a-cozy-hotel-room.-The-bed-has-a-sleek-minimalist-design-with-a-plush-upholstered-headboard-crisp-white-li-585x1024.webp 585w, https:\/\/groupe-hdec.com\/wp-content\/uploads\/2025\/06\/DALL\u00b7E-2025-06-12-10.24.14-A-realistic-photograph-of-a-modern-bed-in-a-cozy-hotel-room.-The-bed-has-a-sleek-minimalist-design-with-a-plush-upholstered-headboard-crisp-white-li-171x300.webp 171w, https:\/\/groupe-hdec.com\/wp-content\/uploads\/2025\/06\/DALL\u00b7E-2025-06-12-10.24.14-A-realistic-photograph-of-a-modern-bed-in-a-cozy-hotel-room.-The-bed-has-a-sleek-minimalist-design-with-a-plush-upholstered-headboard-crisp-white-li-768x1344.webp 768w, https:\/\/groupe-hdec.com\/wp-content\/uploads\/2025\/06\/DALL\u00b7E-2025-06-12-10.24.14-A-realistic-photograph-of-a-modern-bed-in-a-cozy-hotel-room.-The-bed-has-a-sleek-minimalist-design-with-a-plush-upholstered-headboard-crisp-white-li-878x1536.webp 878w, https:\/\/groupe-hdec.com\/wp-content\/uploads\/2025\/06\/DALL\u00b7E-2025-06-12-10.24.14-A-realistic-photograph-of-a-modern-bed-in-a-cozy-hotel-room.-The-bed-has-a-sleek-minimalist-design-with-a-plush-upholstered-headboard-crisp-white-li.webp 1024w\" sizes=\"(max-width: 585px) 100vw, 585px\" \/>\t\t\t\t\t\t\t\t\t\t\t\t\t\t\t<\/div>\n\t\t\t\t<\/div>\n\t\t\t\t<\/div>\n\t\t<div class=\"elementor-element elementor-element-b97584f e-con-full e-flex e-con e-child\" data-id=\"b97584f\" data-element_type=\"container\">\n\t\t\t\t<div class=\"elementor-element elementor-element-c171b7b elementor-widget elementor-widget-image\" data-id=\"c171b7b\" data-element_type=\"widget\" data-widget_type=\"image.default\">\n\t\t\t\t<div class=\"elementor-widget-container\">\n\t\t\t\t\t\t\t\t\t\t\t\t\t\t\t<img loading=\"lazy\" decoding=\"async\" width=\"585\" height=\"1024\" src=\"https:\/\/groupe-hdec.com\/wp-content\/uploads\/2025\/06\/DALL\u00b7E-2025-06-12-10.24.17-A-realistic-photograph-of-a-modern-hotel-bathroom-in-portrait-format.-The-bathroom-features-a-sleek-vanity-with-a-large-mirror-a-stylish-countertop-s-585x1024.webp\" class=\"attachment-large size-large wp-image-28\" alt=\"\" srcset=\"https:\/\/groupe-hdec.com\/wp-content\/uploads\/2025\/06\/DALL\u00b7E-2025-06-12-10.24.17-A-realistic-photograph-of-a-modern-hotel-bathroom-in-portrait-format.-The-bathroom-features-a-sleek-vanity-with-a-large-mirror-a-stylish-countertop-s-585x1024.webp 585w, https:\/\/groupe-hdec.com\/wp-content\/uploads\/2025\/06\/DALL\u00b7E-2025-06-12-10.24.17-A-realistic-photograph-of-a-modern-hotel-bathroom-in-portrait-format.-The-bathroom-features-a-sleek-vanity-with-a-large-mirror-a-stylish-countertop-s-171x300.webp 171w, https:\/\/groupe-hdec.com\/wp-content\/uploads\/2025\/06\/DALL\u00b7E-2025-06-12-10.24.17-A-realistic-photograph-of-a-modern-hotel-bathroom-in-portrait-format.-The-bathroom-features-a-sleek-vanity-with-a-large-mirror-a-stylish-countertop-s-768x1344.webp 768w, https:\/\/groupe-hdec.com\/wp-content\/uploads\/2025\/06\/DALL\u00b7E-2025-06-12-10.24.17-A-realistic-photograph-of-a-modern-hotel-bathroom-in-portrait-format.-The-bathroom-features-a-sleek-vanity-with-a-large-mirror-a-stylish-countertop-s-878x1536.webp 878w, https:\/\/groupe-hdec.com\/wp-content\/uploads\/2025\/06\/DALL\u00b7E-2025-06-12-10.24.17-A-realistic-photograph-of-a-modern-hotel-bathroom-in-portrait-format.-The-bathroom-features-a-sleek-vanity-with-a-large-mirror-a-stylish-countertop-s.webp 1024w\" sizes=\"(max-width: 585px) 100vw, 585px\" \/>\t\t\t\t\t\t\t\t\t\t\t\t\t\t\t<\/div>\n\t\t\t\t<\/div>\n\t\t\t\t<\/div>\n\t\t\t\t<\/div>\n\t\t<div class=\"elementor-element elementor-element-2fcfa0a e-con-full e-flex e-con e-child\" data-id=\"2fcfa0a\" data-element_type=\"container\">\n\t\t\t\t<div class=\"elementor-element elementor-element-a038dc9 elementor-widget elementor-widget-heading\" data-id=\"a038dc9\" data-element_type=\"widget\" data-widget_type=\"heading.default\">\n\t\t\t\t<div class=\"elementor-widget-container\">\n\t\t\t\t\t<h2 class=\"elementor-heading-title elementor-size-default\">Un projet h\u00f4telier en t\u00eate ? Parlons-en !<\/h2>\t\t\t\t<\/div>\n\t\t\t\t<\/div>\n\t\t\t\t<div class=\"elementor-element elementor-element-170b8b3 elementor-widget elementor-widget-text-editor\" data-id=\"170b8b3\" data-element_type=\"widget\" data-widget_type=\"text-editor.default\">\n\t\t\t\t<div class=\"elementor-widget-container\">\n\t\t\t\t\t\t\t\t\t<p>Chaque projet est unique, et nous sommes l\u00e0 pour vous accompagner \u00e0 chaque \u00e9tape. Contactez-nous d\u00e8s aujourd\u2019hui et construisons ensemble une exp\u00e9rience h\u00f4teli\u00e8re qui fera la diff\u00e9rence.<\/p>\t\t\t\t\t\t\t\t<\/div>\n\t\t\t\t<\/div>\n\t\t\t\t<div class=\"elementor-element elementor-element-0fb47d7 elementor-widget elementor-widget-button\" data-id=\"0fb47d7\" data-element_type=\"widget\" data-widget_type=\"button.default\">\n\t\t\t\t<div class=\"elementor-widget-container\">\n\t\t\t\t\t\t\t\t\t<div class=\"elementor-button-wrapper\">\n\t\t\t\t\t<a class=\"elementor-button elementor-button-link elementor-size-sm\" href=\"https:\/\/groupe-hdec.com\/?page_id=67\">\n\t\t\t\t\t\t<span class=\"elementor-button-content-wrapper\">\n\t\t\t\t\t\t\t\t\t<span class=\"elementor-button-text\">Nous contacter<\/span>\n\t\t\t\t\t<\/span>\n\t\t\t\t\t<\/a>\n\t\t\t\t<\/div>\n\t\t\t\t\t\t\t\t<\/div>\n\t\t\t\t<\/div>\n\t\t\t\t<\/div>\n\t\t\t\t<\/div>\n\t\t\t\t\t<\/div>\n\t\t\t\t<\/div>\n\t\t\t\t<\/div>\n\t\t","protected":false},"excerpt":{"rendered":"<p>Lorem ipsum dolor sit amet, consectetur adipiscing Lorem ipsum dolor sit amet, consectetur adipiscing elit. Morbi sit amet gravida nisi. Quisque accumsan mauris quis leo scelerisque fringilla. Nulla sit amet consequat neque. Sed consectetur ornare neque blandit condimentum. Nous contacter Lorem ipsum dolor sit amet, consectetur adipiscing Lorem ipsum dolor sit amet, consectetur adipiscing elit. [&hellip;]<\/p>\n","protected":false},"author":1,"featured_media":0,"parent":0,"menu_order":0,"comment_status":"closed","ping_status":"closed","template":"elementor_header_footer","meta":{"footnotes":""},"class_list":["post-19","page","type-page","status-publish","hentry"],"_links":{"self":[{"href":"https:\/\/groupe-hdec.com\/index.php?rest_route=\/wp\/v2\/pages\/19","targetHints":{"allow":["GET"]}}],"collection":[{"href":"https:\/\/groupe-hdec.com\/index.php?rest_route=\/wp\/v2\/pages"}],"about":[{"href":"https:\/\/groupe-hdec.com\/index.php?rest_route=\/wp\/v2\/types\/page"}],"author":[{"embeddable":true,"href":"https:\/\/groupe-hdec.com\/index.php?rest_route=\/wp\/v2\/users\/1"}],"replies":[{"embeddable":true,"href":"https:\/\/groupe-hdec.com\/index.php?rest_route=%2Fwp%2Fv2%2Fcomments&post=19"}],"version-history":[{"count":13,"href":"https:\/\/groupe-hdec.com\/index.php?rest_route=\/wp\/v2\/pages\/19\/revisions"}],"predecessor-version":[{"id":134,"href":"https:\/\/groupe-hdec.com\/index.php?rest_route=\/wp\/v2\/pages\/19\/revisions\/134"}],"wp:attachment":[{"href":"https:\/\/groupe-hdec.com\/index.php?rest_route=%2Fwp%2Fv2%2Fmedia&parent=19"}],"curies":[{"name":"wp","href":"https:\/\/api.w.org\/{rel}","templated":true}]}}