{"id":60,"date":"2025-06-12T11:39:48","date_gmt":"2025-06-12T11:39:48","guid":{"rendered":"https:\/\/groupe-hdec.com\/?page_id=60"},"modified":"2025-06-12T15:08:35","modified_gmt":"2025-06-12T15:08:35","slug":"nos-equipes","status":"publish","type":"page","link":"https:\/\/groupe-hdec.com\/?page_id=60","title":{"rendered":"Nos \u00e9quipes"},"content":{"rendered":"\t\t<div data-elementor-type=\"wp-page\" data-elementor-id=\"60\" class=\"elementor elementor-60\" data-elementor-post-type=\"page\">\n\t\t\t\t<div class=\"elementor-element elementor-element-4a51761 e-flex e-con-boxed e-con e-parent\" data-id=\"4a51761\" data-element_type=\"container\" data-settings=\"{&quot;background_background&quot;:&quot;classic&quot;}\">\n\t\t\t\t\t<div class=\"e-con-inner\">\n\t\t<div class=\"elementor-element elementor-element-7056505 e-con-full e-flex e-con e-child\" data-id=\"7056505\" data-element_type=\"container\">\n\t\t\t\t<div class=\"elementor-element elementor-element-72bc349 elementor-widget elementor-widget-heading\" data-id=\"72bc349\" data-element_type=\"widget\" data-widget_type=\"heading.default\">\n\t\t\t\t<div class=\"elementor-widget-container\">\n\t\t\t\t\t<h1 class=\"elementor-heading-title elementor-size-default\">Lorem ipsum dolor sit amet, \nconsectetur adipiscing <\/h1>\t\t\t\t<\/div>\n\t\t\t\t<\/div>\n\t\t\t\t<div class=\"elementor-element elementor-element-5dd482b elementor-widget elementor-widget-text-editor\" data-id=\"5dd482b\" data-element_type=\"widget\" data-widget_type=\"text-editor.default\">\n\t\t\t\t<div class=\"elementor-widget-container\">\n\t\t\t\t\t\t\t\t\t<p>Lorem ipsum dolor sit amet, consectetur adipiscing elit. Morbi sit amet gravida nisi. Quisque accumsan mauris quis leo scelerisque fringilla. Nulla sit amet consequat neque. Sed consectetur ornare neque blandit condimentum.<\/p>\t\t\t\t\t\t\t\t<\/div>\n\t\t\t\t<\/div>\n\t\t\t\t<div class=\"elementor-element elementor-element-2a347a0 elementor-widget elementor-widget-button\" data-id=\"2a347a0\" data-element_type=\"widget\" data-widget_type=\"button.default\">\n\t\t\t\t<div class=\"elementor-widget-container\">\n\t\t\t\t\t\t\t\t\t<div class=\"elementor-button-wrapper\">\n\t\t\t\t\t<a class=\"elementor-button elementor-button-link elementor-size-sm\" href=\"https:\/\/groupe-hdec.com\/?page_id=67\">\n\t\t\t\t\t\t<span class=\"elementor-button-content-wrapper\">\n\t\t\t\t\t\t\t\t\t<span class=\"elementor-button-text\">Nous contacter<\/span>\n\t\t\t\t\t<\/span>\n\t\t\t\t\t<\/a>\n\t\t\t\t<\/div>\n\t\t\t\t\t\t\t\t<\/div>\n\t\t\t\t<\/div>\n\t\t\t\t<\/div>\n\t\t\t\t\t<\/div>\n\t\t\t\t<\/div>\n\t\t<div class=\"elementor-element elementor-element-243e0dd e-flex e-con-boxed e-con e-parent\" data-id=\"243e0dd\" data-element_type=\"container\">\n\t\t\t\t\t<div class=\"e-con-inner\">\n\t\t<div class=\"elementor-element elementor-element-c90f92f e-con-full e-flex e-con e-child\" data-id=\"c90f92f\" data-element_type=\"container\">\n\t\t<div class=\"elementor-element elementor-element-dab6ffd e-con-full e-flex e-con e-child\" data-id=\"dab6ffd\" data-element_type=\"container\" data-settings=\"{&quot;background_background&quot;:&quot;classic&quot;}\">\n\t\t\t\t<div class=\"elementor-element elementor-element-a1ee5d4 elementor-widget elementor-widget-image\" data-id=\"a1ee5d4\" data-element_type=\"widget\" data-widget_type=\"image.default\">\n\t\t\t\t<div class=\"elementor-widget-container\">\n\t\t\t\t\t\t\t\t\t\t\t\t\t\t\t<img fetchpriority=\"high\" decoding=\"async\" width=\"273\" height=\"351\" src=\"https:\/\/groupe-hdec.com\/wp-content\/uploads\/2025\/06\/image.png\" class=\"attachment-large size-large wp-image-63\" alt=\"\" srcset=\"https:\/\/groupe-hdec.com\/wp-content\/uploads\/2025\/06\/image.png 273w, https:\/\/groupe-hdec.com\/wp-content\/uploads\/2025\/06\/image-233x300.png 233w\" sizes=\"(max-width: 273px) 100vw, 273px\" \/>\t\t\t\t\t\t\t\t\t\t\t\t\t\t\t<\/div>\n\t\t\t\t<\/div>\n\t\t<div class=\"elementor-element elementor-element-485da88 e-con-full e-flex e-con e-child\" data-id=\"485da88\" data-element_type=\"container\">\n\t\t<div class=\"elementor-element elementor-element-cb6c0f7 e-con-full e-flex e-con e-child\" data-id=\"cb6c0f7\" data-element_type=\"container\" data-settings=\"{&quot;background_background&quot;:&quot;classic&quot;}\">\n\t\t\t\t<div class=\"elementor-element elementor-element-8c4fe27 elementor-widget elementor-widget-heading\" data-id=\"8c4fe27\" data-element_type=\"widget\" data-widget_type=\"heading.default\">\n\t\t\t\t<div class=\"elementor-widget-container\">\n\t\t\t\t\t<h2 class=\"elementor-heading-title elementor-size-default\">John DOE<\/h2>\t\t\t\t<\/div>\n\t\t\t\t<\/div>\n\t\t\t\t<div class=\"elementor-element elementor-element-d4e78d5 elementor-widget elementor-widget-text-editor\" data-id=\"d4e78d5\" data-element_type=\"widget\" data-widget_type=\"text-editor.default\">\n\t\t\t\t<div class=\"elementor-widget-container\">\n\t\t\t\t\t\t\t\t\t<p>Direction<\/p>\t\t\t\t\t\t\t\t<\/div>\n\t\t\t\t<\/div>\n\t\t\t\t<\/div>\n\t\t\t\t<\/div>\n\t\t\t\t<\/div>\n\t\t\t\t<\/div>\n\t\t<div class=\"elementor-element elementor-element-8d7044e e-con-full e-flex e-con e-child\" data-id=\"8d7044e\" data-element_type=\"container\">\n\t\t<div class=\"elementor-element elementor-element-3798498 e-con-full e-flex e-con e-child\" data-id=\"3798498\" data-element_type=\"container\" data-settings=\"{&quot;background_background&quot;:&quot;classic&quot;}\">\n\t\t\t\t<div class=\"elementor-element elementor-element-c45982f elementor-widget elementor-widget-image\" data-id=\"c45982f\" data-element_type=\"widget\" data-widget_type=\"image.default\">\n\t\t\t\t<div class=\"elementor-widget-container\">\n\t\t\t\t\t\t\t\t\t\t\t\t\t\t\t<img decoding=\"async\" width=\"273\" height=\"351\" src=\"https:\/\/groupe-hdec.com\/wp-content\/uploads\/2025\/06\/image-1.png\" class=\"attachment-large size-large wp-image-62\" alt=\"\" srcset=\"https:\/\/groupe-hdec.com\/wp-content\/uploads\/2025\/06\/image-1.png 273w, https:\/\/groupe-hdec.com\/wp-content\/uploads\/2025\/06\/image-1-233x300.png 233w\" sizes=\"(max-width: 273px) 100vw, 273px\" \/>\t\t\t\t\t\t\t\t\t\t\t\t\t\t\t<\/div>\n\t\t\t\t<\/div>\n\t\t<div class=\"elementor-element elementor-element-08f383f e-con-full e-flex e-con e-child\" data-id=\"08f383f\" data-element_type=\"container\">\n\t\t<div class=\"elementor-element elementor-element-05bee39 e-con-full e-flex e-con e-child\" data-id=\"05bee39\" data-element_type=\"container\" data-settings=\"{&quot;background_background&quot;:&quot;classic&quot;}\">\n\t\t\t\t<div class=\"elementor-element elementor-element-e893bfc elementor-widget elementor-widget-heading\" data-id=\"e893bfc\" data-element_type=\"widget\" data-widget_type=\"heading.default\">\n\t\t\t\t<div class=\"elementor-widget-container\">\n\t\t\t\t\t<h2 class=\"elementor-heading-title elementor-size-default\">John DOE<\/h2>\t\t\t\t<\/div>\n\t\t\t\t<\/div>\n\t\t\t\t<div class=\"elementor-element elementor-element-2ca77d8 elementor-widget elementor-widget-text-editor\" data-id=\"2ca77d8\" data-element_type=\"widget\" data-widget_type=\"text-editor.default\">\n\t\t\t\t<div class=\"elementor-widget-container\">\n\t\t\t\t\t\t\t\t\t<p>Direction<\/p>\t\t\t\t\t\t\t\t<\/div>\n\t\t\t\t<\/div>\n\t\t\t\t<\/div>\n\t\t\t\t<\/div>\n\t\t\t\t<\/div>\n\t\t\t\t<\/div>\n\t\t<div class=\"elementor-element elementor-element-405ca4b e-con-full e-flex e-con e-child\" data-id=\"405ca4b\" data-element_type=\"container\">\n\t\t<div class=\"elementor-element elementor-element-03c44ce e-con-full e-flex e-con e-child\" data-id=\"03c44ce\" data-element_type=\"container\" data-settings=\"{&quot;background_background&quot;:&quot;classic&quot;}\">\n\t\t\t\t<div class=\"elementor-element elementor-element-89a4e39 elementor-widget elementor-widget-image\" data-id=\"89a4e39\" data-element_type=\"widget\" data-widget_type=\"image.default\">\n\t\t\t\t<div class=\"elementor-widget-container\">\n\t\t\t\t\t\t\t\t\t\t\t\t\t\t\t<img fetchpriority=\"high\" decoding=\"async\" width=\"273\" height=\"351\" src=\"https:\/\/groupe-hdec.com\/wp-content\/uploads\/2025\/06\/image.png\" class=\"attachment-large size-large wp-image-63\" alt=\"\" srcset=\"https:\/\/groupe-hdec.com\/wp-content\/uploads\/2025\/06\/image.png 273w, https:\/\/groupe-hdec.com\/wp-content\/uploads\/2025\/06\/image-233x300.png 233w\" sizes=\"(max-width: 273px) 100vw, 273px\" \/>\t\t\t\t\t\t\t\t\t\t\t\t\t\t\t<\/div>\n\t\t\t\t<\/div>\n\t\t<div class=\"elementor-element elementor-element-6e5c43c e-con-full e-flex e-con e-child\" data-id=\"6e5c43c\" data-element_type=\"container\">\n\t\t<div class=\"elementor-element elementor-element-ab04f69 e-con-full e-flex e-con e-child\" data-id=\"ab04f69\" data-element_type=\"container\" data-settings=\"{&quot;background_background&quot;:&quot;classic&quot;}\">\n\t\t\t\t<div class=\"elementor-element elementor-element-e240704 elementor-widget elementor-widget-heading\" data-id=\"e240704\" data-element_type=\"widget\" data-widget_type=\"heading.default\">\n\t\t\t\t<div class=\"elementor-widget-container\">\n\t\t\t\t\t<h2 class=\"elementor-heading-title elementor-size-default\">John DOE<\/h2>\t\t\t\t<\/div>\n\t\t\t\t<\/div>\n\t\t\t\t<div class=\"elementor-element elementor-element-97aafdb elementor-widget elementor-widget-text-editor\" data-id=\"97aafdb\" data-element_type=\"widget\" data-widget_type=\"text-editor.default\">\n\t\t\t\t<div class=\"elementor-widget-container\">\n\t\t\t\t\t\t\t\t\t<p>Direction<\/p>\t\t\t\t\t\t\t\t<\/div>\n\t\t\t\t<\/div>\n\t\t\t\t<\/div>\n\t\t\t\t<\/div>\n\t\t\t\t<\/div>\n\t\t\t\t<\/div>\n\t\t<div class=\"elementor-element elementor-element-178f9fc e-con-full e-flex e-con e-child\" data-id=\"178f9fc\" data-element_type=\"container\">\n\t\t<div class=\"elementor-element elementor-element-beca379 e-con-full e-flex e-con e-child\" data-id=\"beca379\" data-element_type=\"container\" data-settings=\"{&quot;background_background&quot;:&quot;classic&quot;}\">\n\t\t\t\t<div class=\"elementor-element elementor-element-5ee207e elementor-widget elementor-widget-image\" data-id=\"5ee207e\" data-element_type=\"widget\" data-widget_type=\"image.default\">\n\t\t\t\t<div class=\"elementor-widget-container\">\n\t\t\t\t\t\t\t\t\t\t\t\t\t\t\t<img decoding=\"async\" width=\"273\" height=\"351\" src=\"https:\/\/groupe-hdec.com\/wp-content\/uploads\/2025\/06\/image-1.png\" class=\"attachment-large size-large wp-image-62\" alt=\"\" srcset=\"https:\/\/groupe-hdec.com\/wp-content\/uploads\/2025\/06\/image-1.png 273w, https:\/\/groupe-hdec.com\/wp-content\/uploads\/2025\/06\/image-1-233x300.png 233w\" sizes=\"(max-width: 273px) 100vw, 273px\" \/>\t\t\t\t\t\t\t\t\t\t\t\t\t\t\t<\/div>\n\t\t\t\t<\/div>\n\t\t<div class=\"elementor-element elementor-element-2f8caf9 e-con-full e-flex e-con e-child\" data-id=\"2f8caf9\" data-element_type=\"container\">\n\t\t<div class=\"elementor-element elementor-element-136e22c e-con-full e-flex e-con e-child\" data-id=\"136e22c\" data-element_type=\"container\" data-settings=\"{&quot;background_background&quot;:&quot;classic&quot;}\">\n\t\t\t\t<div class=\"elementor-element elementor-element-a8a2412 elementor-widget elementor-widget-heading\" data-id=\"a8a2412\" data-element_type=\"widget\" data-widget_type=\"heading.default\">\n\t\t\t\t<div class=\"elementor-widget-container\">\n\t\t\t\t\t<h2 class=\"elementor-heading-title elementor-size-default\">John DOE<\/h2>\t\t\t\t<\/div>\n\t\t\t\t<\/div>\n\t\t\t\t<div class=\"elementor-element elementor-element-a88c1e2 elementor-widget elementor-widget-text-editor\" data-id=\"a88c1e2\" data-element_type=\"widget\" data-widget_type=\"text-editor.default\">\n\t\t\t\t<div class=\"elementor-widget-container\">\n\t\t\t\t\t\t\t\t\t<p>Direction<\/p>\t\t\t\t\t\t\t\t<\/div>\n\t\t\t\t<\/div>\n\t\t\t\t<\/div>\n\t\t\t\t<\/div>\n\t\t\t\t<\/div>\n\t\t\t\t<\/div>\n\t\t<div class=\"elementor-element elementor-element-6f19d3b e-con-full e-flex e-con e-child\" data-id=\"6f19d3b\" data-element_type=\"container\">\n\t\t<div class=\"elementor-element elementor-element-a70437a e-con-full e-flex e-con e-child\" data-id=\"a70437a\" data-element_type=\"container\" data-settings=\"{&quot;background_background&quot;:&quot;classic&quot;}\">\n\t\t\t\t<div class=\"elementor-element elementor-element-86aa829 elementor-widget elementor-widget-image\" data-id=\"86aa829\" data-element_type=\"widget\" data-widget_type=\"image.default\">\n\t\t\t\t<div class=\"elementor-widget-container\">\n\t\t\t\t\t\t\t\t\t\t\t\t\t\t\t<img fetchpriority=\"high\" decoding=\"async\" width=\"273\" height=\"351\" src=\"https:\/\/groupe-hdec.com\/wp-content\/uploads\/2025\/06\/image.png\" class=\"attachment-large size-large wp-image-63\" alt=\"\" srcset=\"https:\/\/groupe-hdec.com\/wp-content\/uploads\/2025\/06\/image.png 273w, https:\/\/groupe-hdec.com\/wp-content\/uploads\/2025\/06\/image-233x300.png 233w\" sizes=\"(max-width: 273px) 100vw, 273px\" \/>\t\t\t\t\t\t\t\t\t\t\t\t\t\t\t<\/div>\n\t\t\t\t<\/div>\n\t\t<div class=\"elementor-element elementor-element-1691f86 e-con-full e-flex e-con e-child\" data-id=\"1691f86\" data-element_type=\"container\">\n\t\t<div class=\"elementor-element elementor-element-84f3682 e-con-full e-flex e-con e-child\" data-id=\"84f3682\" data-element_type=\"container\" data-settings=\"{&quot;background_background&quot;:&quot;classic&quot;}\">\n\t\t\t\t<div class=\"elementor-element elementor-element-fd05a6d elementor-widget elementor-widget-heading\" data-id=\"fd05a6d\" data-element_type=\"widget\" data-widget_type=\"heading.default\">\n\t\t\t\t<div class=\"elementor-widget-container\">\n\t\t\t\t\t<h2 class=\"elementor-heading-title elementor-size-default\">John DOE<\/h2>\t\t\t\t<\/div>\n\t\t\t\t<\/div>\n\t\t\t\t<div class=\"elementor-element elementor-element-c488af7 elementor-widget elementor-widget-text-editor\" data-id=\"c488af7\" data-element_type=\"widget\" data-widget_type=\"text-editor.default\">\n\t\t\t\t<div class=\"elementor-widget-container\">\n\t\t\t\t\t\t\t\t\t<p>Direction<\/p>\t\t\t\t\t\t\t\t<\/div>\n\t\t\t\t<\/div>\n\t\t\t\t<\/div>\n\t\t\t\t<\/div>\n\t\t\t\t<\/div>\n\t\t\t\t<\/div>\n\t\t<div class=\"elementor-element elementor-element-77e4878 e-con-full e-flex e-con e-child\" data-id=\"77e4878\" data-element_type=\"container\">\n\t\t<div class=\"elementor-element elementor-element-9123232 e-con-full e-flex e-con e-child\" data-id=\"9123232\" data-element_type=\"container\" data-settings=\"{&quot;background_background&quot;:&quot;classic&quot;}\">\n\t\t\t\t<div class=\"elementor-element elementor-element-486c9d5 elementor-widget elementor-widget-image\" data-id=\"486c9d5\" data-element_type=\"widget\" data-widget_type=\"image.default\">\n\t\t\t\t<div class=\"elementor-widget-container\">\n\t\t\t\t\t\t\t\t\t\t\t\t\t\t\t<img decoding=\"async\" width=\"273\" height=\"351\" src=\"https:\/\/groupe-hdec.com\/wp-content\/uploads\/2025\/06\/image-1.png\" class=\"attachment-large size-large wp-image-62\" alt=\"\" srcset=\"https:\/\/groupe-hdec.com\/wp-content\/uploads\/2025\/06\/image-1.png 273w, https:\/\/groupe-hdec.com\/wp-content\/uploads\/2025\/06\/image-1-233x300.png 233w\" sizes=\"(max-width: 273px) 100vw, 273px\" \/>\t\t\t\t\t\t\t\t\t\t\t\t\t\t\t<\/div>\n\t\t\t\t<\/div>\n\t\t<div class=\"elementor-element elementor-element-78566b4 e-con-full e-flex e-con e-child\" data-id=\"78566b4\" data-element_type=\"container\">\n\t\t<div class=\"elementor-element elementor-element-956b174 e-con-full e-flex e-con e-child\" data-id=\"956b174\" data-element_type=\"container\" data-settings=\"{&quot;background_background&quot;:&quot;classic&quot;}\">\n\t\t\t\t<div class=\"elementor-element elementor-element-c5cf445 elementor-widget elementor-widget-heading\" data-id=\"c5cf445\" data-element_type=\"widget\" data-widget_type=\"heading.default\">\n\t\t\t\t<div class=\"elementor-widget-container\">\n\t\t\t\t\t<h2 class=\"elementor-heading-title elementor-size-default\">John DOE<\/h2>\t\t\t\t<\/div>\n\t\t\t\t<\/div>\n\t\t\t\t<div class=\"elementor-element elementor-element-72997a4 elementor-widget elementor-widget-text-editor\" data-id=\"72997a4\" data-element_type=\"widget\" data-widget_type=\"text-editor.default\">\n\t\t\t\t<div class=\"elementor-widget-container\">\n\t\t\t\t\t\t\t\t\t<p>Direction<\/p>\t\t\t\t\t\t\t\t<\/div>\n\t\t\t\t<\/div>\n\t\t\t\t<\/div>\n\t\t\t\t<\/div>\n\t\t\t\t<\/div>\n\t\t\t\t<\/div>\n\t\t\t\t\t<\/div>\n\t\t\t\t<\/div>\n\t\t<div class=\"elementor-element elementor-element-d2319e0 e-flex e-con-boxed e-con e-parent\" data-id=\"d2319e0\" data-element_type=\"container\" data-settings=\"{&quot;background_background&quot;:&quot;classic&quot;}\">\n\t\t\t\t\t<div class=\"e-con-inner\">\n\t\t<div class=\"elementor-element elementor-element-45d8acd e-con-full e-flex e-con e-child\" data-id=\"45d8acd\" data-element_type=\"container\">\n\t\t<div class=\"elementor-element elementor-element-ec5948f e-con-full e-flex e-con e-child\" data-id=\"ec5948f\" data-element_type=\"container\">\n\t\t<div class=\"elementor-element elementor-element-b05ad83 e-con-full e-flex e-con e-child\" data-id=\"b05ad83\" data-element_type=\"container\">\n\t\t\t\t<div class=\"elementor-element elementor-element-1928868 elementor-widget elementor-widget-image\" data-id=\"1928868\" data-element_type=\"widget\" data-widget_type=\"image.default\">\n\t\t\t\t<div class=\"elementor-widget-container\">\n\t\t\t\t\t\t\t\t\t\t\t\t\t\t\t<img decoding=\"async\" width=\"585\" height=\"1024\" src=\"https:\/\/groupe-hdec.com\/wp-content\/uploads\/2025\/06\/DALL\u00b7E-2025-06-12-10.24.14-A-realistic-photograph-of-a-modern-bed-in-a-cozy-hotel-room.-The-bed-has-a-sleek-minimalist-design-with-a-plush-upholstered-headboard-crisp-white-li-585x1024.webp\" class=\"attachment-large size-large wp-image-29\" alt=\"\" srcset=\"https:\/\/groupe-hdec.com\/wp-content\/uploads\/2025\/06\/DALL\u00b7E-2025-06-12-10.24.14-A-realistic-photograph-of-a-modern-bed-in-a-cozy-hotel-room.-The-bed-has-a-sleek-minimalist-design-with-a-plush-upholstered-headboard-crisp-white-li-585x1024.webp 585w, https:\/\/groupe-hdec.com\/wp-content\/uploads\/2025\/06\/DALL\u00b7E-2025-06-12-10.24.14-A-realistic-photograph-of-a-modern-bed-in-a-cozy-hotel-room.-The-bed-has-a-sleek-minimalist-design-with-a-plush-upholstered-headboard-crisp-white-li-171x300.webp 171w, https:\/\/groupe-hdec.com\/wp-content\/uploads\/2025\/06\/DALL\u00b7E-2025-06-12-10.24.14-A-realistic-photograph-of-a-modern-bed-in-a-cozy-hotel-room.-The-bed-has-a-sleek-minimalist-design-with-a-plush-upholstered-headboard-crisp-white-li-768x1344.webp 768w, https:\/\/groupe-hdec.com\/wp-content\/uploads\/2025\/06\/DALL\u00b7E-2025-06-12-10.24.14-A-realistic-photograph-of-a-modern-bed-in-a-cozy-hotel-room.-The-bed-has-a-sleek-minimalist-design-with-a-plush-upholstered-headboard-crisp-white-li-878x1536.webp 878w, https:\/\/groupe-hdec.com\/wp-content\/uploads\/2025\/06\/DALL\u00b7E-2025-06-12-10.24.14-A-realistic-photograph-of-a-modern-bed-in-a-cozy-hotel-room.-The-bed-has-a-sleek-minimalist-design-with-a-plush-upholstered-headboard-crisp-white-li.webp 1024w\" sizes=\"(max-width: 585px) 100vw, 585px\" \/>\t\t\t\t\t\t\t\t\t\t\t\t\t\t\t<\/div>\n\t\t\t\t<\/div>\n\t\t\t\t<\/div>\n\t\t<div class=\"elementor-element elementor-element-511c4bf e-con-full e-flex e-con e-child\" data-id=\"511c4bf\" data-element_type=\"container\">\n\t\t\t\t<div class=\"elementor-element elementor-element-10d3c4b elementor-widget elementor-widget-image\" data-id=\"10d3c4b\" data-element_type=\"widget\" data-widget_type=\"image.default\">\n\t\t\t\t<div class=\"elementor-widget-container\">\n\t\t\t\t\t\t\t\t\t\t\t\t\t\t\t<img loading=\"lazy\" decoding=\"async\" width=\"585\" height=\"1024\" src=\"https:\/\/groupe-hdec.com\/wp-content\/uploads\/2025\/06\/DALL\u00b7E-2025-06-12-10.24.17-A-realistic-photograph-of-a-modern-hotel-bathroom-in-portrait-format.-The-bathroom-features-a-sleek-vanity-with-a-large-mirror-a-stylish-countertop-s-585x1024.webp\" class=\"attachment-large size-large wp-image-28\" alt=\"\" srcset=\"https:\/\/groupe-hdec.com\/wp-content\/uploads\/2025\/06\/DALL\u00b7E-2025-06-12-10.24.17-A-realistic-photograph-of-a-modern-hotel-bathroom-in-portrait-format.-The-bathroom-features-a-sleek-vanity-with-a-large-mirror-a-stylish-countertop-s-585x1024.webp 585w, https:\/\/groupe-hdec.com\/wp-content\/uploads\/2025\/06\/DALL\u00b7E-2025-06-12-10.24.17-A-realistic-photograph-of-a-modern-hotel-bathroom-in-portrait-format.-The-bathroom-features-a-sleek-vanity-with-a-large-mirror-a-stylish-countertop-s-171x300.webp 171w, https:\/\/groupe-hdec.com\/wp-content\/uploads\/2025\/06\/DALL\u00b7E-2025-06-12-10.24.17-A-realistic-photograph-of-a-modern-hotel-bathroom-in-portrait-format.-The-bathroom-features-a-sleek-vanity-with-a-large-mirror-a-stylish-countertop-s-768x1344.webp 768w, https:\/\/groupe-hdec.com\/wp-content\/uploads\/2025\/06\/DALL\u00b7E-2025-06-12-10.24.17-A-realistic-photograph-of-a-modern-hotel-bathroom-in-portrait-format.-The-bathroom-features-a-sleek-vanity-with-a-large-mirror-a-stylish-countertop-s-878x1536.webp 878w, https:\/\/groupe-hdec.com\/wp-content\/uploads\/2025\/06\/DALL\u00b7E-2025-06-12-10.24.17-A-realistic-photograph-of-a-modern-hotel-bathroom-in-portrait-format.-The-bathroom-features-a-sleek-vanity-with-a-large-mirror-a-stylish-countertop-s.webp 1024w\" sizes=\"(max-width: 585px) 100vw, 585px\" \/>\t\t\t\t\t\t\t\t\t\t\t\t\t\t\t<\/div>\n\t\t\t\t<\/div>\n\t\t\t\t<\/div>\n\t\t\t\t<\/div>\n\t\t<div class=\"elementor-element elementor-element-9c1693b e-con-full e-flex e-con e-child\" data-id=\"9c1693b\" data-element_type=\"container\">\n\t\t\t\t<div class=\"elementor-element elementor-element-00b8c11 elementor-widget elementor-widget-heading\" data-id=\"00b8c11\" data-element_type=\"widget\" data-widget_type=\"heading.default\">\n\t\t\t\t<div class=\"elementor-widget-container\">\n\t\t\t\t\t<h2 class=\"elementor-heading-title elementor-size-default\">Un projet h\u00f4telier en t\u00eate ? Parlons-en !<\/h2>\t\t\t\t<\/div>\n\t\t\t\t<\/div>\n\t\t\t\t<div class=\"elementor-element elementor-element-5d03958 elementor-widget elementor-widget-text-editor\" data-id=\"5d03958\" data-element_type=\"widget\" data-widget_type=\"text-editor.default\">\n\t\t\t\t<div class=\"elementor-widget-container\">\n\t\t\t\t\t\t\t\t\t<p>Chaque projet est unique, et nous sommes l\u00e0 pour vous accompagner \u00e0 chaque \u00e9tape. Contactez-nous d\u00e8s aujourd\u2019hui et construisons ensemble une exp\u00e9rience h\u00f4teli\u00e8re qui fera la diff\u00e9rence.<\/p>\t\t\t\t\t\t\t\t<\/div>\n\t\t\t\t<\/div>\n\t\t\t\t<div class=\"elementor-element elementor-element-9693859 elementor-widget elementor-widget-button\" data-id=\"9693859\" data-element_type=\"widget\" data-widget_type=\"button.default\">\n\t\t\t\t<div class=\"elementor-widget-container\">\n\t\t\t\t\t\t\t\t\t<div class=\"elementor-button-wrapper\">\n\t\t\t\t\t<a class=\"elementor-button elementor-button-link elementor-size-sm\" href=\"https:\/\/groupe-hdec.com\/?page_id=67\">\n\t\t\t\t\t\t<span class=\"elementor-button-content-wrapper\">\n\t\t\t\t\t\t\t\t\t<span class=\"elementor-button-text\">Nous contacter<\/span>\n\t\t\t\t\t<\/span>\n\t\t\t\t\t<\/a>\n\t\t\t\t<\/div>\n\t\t\t\t\t\t\t\t<\/div>\n\t\t\t\t<\/div>\n\t\t\t\t<\/div>\n\t\t\t\t<\/div>\n\t\t\t\t\t<\/div>\n\t\t\t\t<\/div>\n\t\t\t\t<\/div>\n\t\t","protected":false},"excerpt":{"rendered":"<p>Lorem ipsum dolor sit amet, consectetur adipiscing Lorem ipsum dolor sit amet, consectetur adipiscing elit. Morbi sit amet gravida nisi. Quisque accumsan mauris quis leo scelerisque fringilla. Nulla sit amet consequat neque. Sed consectetur ornare neque blandit condimentum. Nous contacter John DOE Direction John DOE Direction John DOE Direction John DOE Direction John DOE Direction [&hellip;]<\/p>\n","protected":false},"author":1,"featured_media":0,"parent":0,"menu_order":0,"comment_status":"closed","ping_status":"closed","template":"","meta":{"footnotes":""},"class_list":["post-60","page","type-page","status-publish","hentry"],"_links":{"self":[{"href":"https:\/\/groupe-hdec.com\/index.php?rest_route=\/wp\/v2\/pages\/60","targetHints":{"allow":["GET"]}}],"collection":[{"href":"https:\/\/groupe-hdec.com\/index.php?rest_route=\/wp\/v2\/pages"}],"about":[{"href":"https:\/\/groupe-hdec.com\/index.php?rest_route=\/wp\/v2\/types\/page"}],"author":[{"embeddable":true,"href":"https:\/\/groupe-hdec.com\/index.php?rest_route=\/wp\/v2\/users\/1"}],"replies":[{"embeddable":true,"href":"https:\/\/groupe-hdec.com\/index.php?rest_route=%2Fwp%2Fv2%2Fcomments&post=60"}],"version-history":[{"count":7,"href":"https:\/\/groupe-hdec.com\/index.php?rest_route=\/wp\/v2\/pages\/60\/revisions"}],"predecessor-version":[{"id":103,"href":"https:\/\/groupe-hdec.com\/index.php?rest_route=\/wp\/v2\/pages\/60\/revisions\/103"}],"wp:attachment":[{"href":"https:\/\/groupe-hdec.com\/index.php?rest_route=%2Fwp%2Fv2%2Fmedia&parent=60"}],"curies":[{"name":"wp","href":"https:\/\/api.w.org\/{rel}","templated":true}]}}